{"id":7752,"date":"2023-01-10T11:54:00","date_gmt":"2023-01-10T10:54:00","guid":{"rendered":"https:\/\/staging.acus-tattoo.de\/?post_type=product&#038;p=7752"},"modified":"2025-07-08T13:26:32","modified_gmt":"2025-07-08T11:26:32","slug":"m1-grip-plus","status":"publish","type":"product","link":"https:\/\/staging.acus-tattoo.de\/de\/produkt\/m1-grip-plus\/","title":{"rendered":"Grip Plus"},"content":{"rendered":"\t\t<div data-elementor-type=\"product-post\" data-elementor-id=\"7752\" class=\"elementor elementor-7752 elementor-7754\" data-elementor-post-type=\"product\">\n\t\t\t\t\t\t<section class=\"elementor-section elementor-top-section elementor-element elementor-element-5f5191d9 elementor-section-content-middle elementor-section-stretched elementor-section-boxed elementor-section-height-default elementor-section-height-default\" data-id=\"5f5191d9\" data-element_type=\"section\" data-e-type=\"section\" data-settings=\"{&quot;stretch_section&quot;:&quot;section-stretched&quot;}\">\n\t\t\t\t\t\t<div class=\"elementor-container elementor-column-gap-no\">\n\t\t\t\t\t<div class=\"elementor-column elementor-col-100 elementor-top-column elementor-element elementor-element-2c65c2af\" data-id=\"2c65c2af\" data-element_type=\"column\" data-e-type=\"column\">\n\t\t\t<div class=\"elementor-widget-wrap elementor-element-populated\">\n\t\t\t\t\t\t<div class=\"elementor-element elementor-element-9fa6d4b elementor-cta--valign-top elementor-cta--skin-classic elementor-animated-content elementor-widget elementor-widget-call-to-action\" data-id=\"9fa6d4b\" data-element_type=\"widget\" data-e-type=\"widget\" data-widget_type=\"call-to-action.default\">\n\t\t\t\t<div class=\"elementor-widget-container\">\n\t\t\t\t\t\t\t<div class=\"elementor-cta\">\n\t\t\t\t\t<div class=\"elementor-cta__bg-wrapper\">\n\t\t\t\t<div class=\"elementor-cta__bg elementor-bg\" style=\"background-image: url(https:\/\/staging.acus-tattoo.de\/wp-content\/uploads\/2023\/01\/HomeM1plus_16-10-1536x960.jpg);\" role=\"img\" aria-label=\"HomeM1plus_16-10\"><\/div>\n\t\t\t\t<div class=\"elementor-cta__bg-overlay\"><\/div>\n\t\t\t<\/div>\n\t\t\t\t\t\t\t<div class=\"elementor-cta__content\">\n\t\t\t\t\n\t\t\t\t\t\t\t\t\t<h2 class=\"elementor-cta__title elementor-cta__content-item elementor-content-item\">\n\t\t\t\t\t\tZus\u00e4tzliches extra gro\u00dfes Griffst\u00fcck\t\t\t\t\t<\/h2>\n\t\t\t\t\n\t\t\t\t\t\t\t\t\t<div class=\"elementor-cta__description elementor-cta__content-item elementor-content-item\">\n\t\t\t\t\t\t<p>Halte mehrere saubere Griffst\u00fccke bereit, damit deine M1 schnell f\u00fcr den n\u00e4chsten Kunden vorbereitet ist.<\/p>\n<p>Das extra gro\u00dfe Griffst\u00fcck verbessert gegen\u00fcber dem Standard-Griffst\u00fcck die Balance deiner M1 noch einmal deutlich.<\/p>\n\t\t\t\t\t<\/div>\n\t\t\t\t\n\t\t\t\t\t\t\t<\/div>\n\t\t\t\t\t\t<\/div>\n\t\t\t\t\t\t<\/div>\n\t\t\t\t<\/div>\n\t\t\t\t\t<\/div>\n\t\t<\/div>\n\t\t\t\t\t<\/div>\n\t\t<\/section>\n\t\t\t\t<section class=\"elementor-section elementor-top-section elementor-element elementor-element-eb514cd elementor-section-boxed elementor-section-height-default elementor-section-height-default\" data-id=\"eb514cd\" data-element_type=\"section\" data-e-type=\"section\">\n\t\t\t\t\t\t<div class=\"elementor-container elementor-column-gap-default\">\n\t\t\t\t\t<div class=\"elementor-column elementor-col-100 elementor-top-column elementor-element elementor-element-1cdbb69\" data-id=\"1cdbb69\" data-element_type=\"column\" data-e-type=\"column\">\n\t\t\t<div class=\"elementor-widget-wrap elementor-element-populated\">\n\t\t\t\t\t\t<div class=\"elementor-element elementor-element-b996485 elementor-widget elementor-widget-text-editor\" data-id=\"b996485\" data-element_type=\"widget\" data-e-type=\"widget\" data-widget_type=\"text-editor.default\">\n\t\t\t\t<div class=\"elementor-widget-container\">\n\t\t\t\t\t\t\t\t\t<p>\u00a0<\/p>\r\n<p><span style=\"color: #000000;\">Hier kannst du sehen, mit welchen ACUS-T\u00e4towiermaschinen das Produkt kompatibel ist.\r\n<\/span><\/p>\r\n\t\t\t\t\t\t\t\t<\/div>\n\t\t\t\t<\/div>\n\t\t\t\t<div class=\"elementor-element elementor-element-c7e6a1c elementor-widget elementor-widget-shortcode\" data-id=\"c7e6a1c\" data-element_type=\"widget\" data-e-type=\"widget\" data-widget_type=\"shortcode.default\">\n\t\t\t\t<div class=\"elementor-widget-container\">\n\t\t\t\t\t\t\t<div class=\"elementor-shortcode\">\n<table id=\"tablepress-1\" class=\"tablepress tablepress-id-1 main-compatibility-class\">\n<thead>\n<tr class=\"row-1\">\n\t<th class=\"column-1\">Picture<\/th><th class=\"column-2\">Part<\/th><th class=\"column-3\">M1<\/th><th class=\"column-4\">M1 Plus<\/th><th class=\"column-5\">M1 Ayre<\/th><th class=\"column-6\">C2<\/th>\n<\/tr>\n<\/thead>\n<tbody class=\"row-striping row-hover\">\n<tr class=\"row-2\">\n\t<td class=\"column-1\"><img decoding=\"async\" src=\"https:\/\/staging.acus-tattoo.de\/wp-content\/uploads\/2023\/01\/IMG_0589-300x300.jpg\" alt=\"\" width=\"200\" height=\"200\" class=\"alignnone size-medium wp-image-8204\" style=\"width:120px;height:120px;object-fit:none;\" srcset=\"https:\/\/staging.acus-tattoo.de\/wp-content\/uploads\/2023\/01\/IMG_0589-300x300.jpg 300w, https:\/\/staging.acus-tattoo.de\/wp-content\/uploads\/2023\/01\/IMG_0589-1024x1024.jpg 1024w, https:\/\/staging.acus-tattoo.de\/wp-content\/uploads\/2023\/01\/IMG_0589-150x150.jpg 150w, https:\/\/staging.acus-tattoo.de\/wp-content\/uploads\/2023\/01\/IMG_0589-768x768.jpg 768w, https:\/\/staging.acus-tattoo.de\/wp-content\/uploads\/2023\/01\/IMG_0589-1536x1536.jpg 1536w, https:\/\/staging.acus-tattoo.de\/wp-content\/uploads\/2023\/01\/IMG_0589-2048x2048.jpg 2048w, https:\/\/staging.acus-tattoo.de\/wp-content\/uploads\/2023\/01\/IMG_0589-600x600.jpg 600w, https:\/\/staging.acus-tattoo.de\/wp-content\/uploads\/2023\/01\/IMG_0589-100x100.jpg 100w\" sizes=\"(max-width: 200px) 100vw, 200px\" \/><\/td><td class=\"column-2\"><a href=\"https:\/\/staging.acus-tattoo.de\/product\/m1-grip-plus\/\" target=\"_blank\">Grip Plus<\/a><\/td><td class=\"column-3\"><span class=\"doublecheck\">&check;&check;<\/span><\/td><td class=\"column-4\"><span class=\"doublecheck\">&check;&check;<\/span><\/td><td class=\"column-5\"><span class=\"doublecheck\">&check;&check;<\/span><\/td><td class=\"column-6\"><span class=\"doublecheck\">&check;&check;<\/span><\/td>\n<\/tr>\n<\/tbody>\n<\/table>\n<!-- #tablepress-1 from cache --><\/div>\n\t\t\t\t\t\t<\/div>\n\t\t\t\t<\/div>\n\t\t\t\t\t<\/div>\n\t\t<\/div>\n\t\t\t\t\t<\/div>\n\t\t<\/section>\n\t\t\t\t<\/div>\n\t\t","protected":false},"excerpt":{"rendered":"<h6><span style=\"color: #000000;\" data-darkreader-inline-color=\"\">Gr\u00f6\u00dfe: \u230040 mm<br \/>\nGewicht: 65 g<br \/>\n<\/span>Farbe: schwarz<\/h6>\n<h6><span style=\"color: #000000;\" data-darkreader-inline-color=\"\">Extra gro\u00dfer Grip aus eloxiertem, CNC-gefr\u00e4stem Aluminium<\/span><\/h6>\n<h5>Kompatibel mit allen Standard-Nadelmodulen, wie:<br \/>\nDa Vinci, Kwadron, Cheyenne, &#8230;<\/h5>\n<h5>HINWEIS: Bitte beachte, dass f\u00fcr Bestellungen aus nicht EU L\u00e4ndern Steuern bei der Einfuhr anfallen k\u00f6nnen. Die H\u00f6he richtet sich nach dem Mehrwertsteuersatz deines Landes.<\/h5>\n","protected":false},"featured_media":8195,"template":"","meta":{"neve_meta_sidebar":"","neve_meta_container":"","neve_meta_enable_content_width":"off","neve_meta_content_width":100,"neve_meta_title_alignment":"","neve_meta_author_avatar":"","neve_post_elements_order":"","neve_meta_disable_header":"","neve_meta_disable_footer":"","neve_meta_disable_title":"","neve_meta_reading_time":""},"product_brand":[],"product_cat":[35],"product_tag":[],"class_list":{"0":"post-7752","1":"product","2":"type-product","3":"status-publish","4":"has-post-thumbnail","6":"product_cat-zubehoer","7":"product_shipping_class-warenpost","9":"first","10":"instock","11":"taxable","12":"shipping-taxable","13":"purchasable","14":"product-type-simple"},"yoast_head":"<!-- This site is optimized with the Yoast SEO plugin v26.9 - https:\/\/yoast.com\/product\/yoast-seo-wordpress\/ -->\n<title>Grip Plus - acus tattoo machines<\/title>\n<meta name=\"robots\" content=\"noindex, follow, max-snippet:-1, max-image-preview:large, max-video-preview:-1\" \/>\n<meta property=\"og:locale\" content=\"de_DE\" \/>\n<meta property=\"og:type\" content=\"article\" \/>\n<meta property=\"og:title\" content=\"Grip Plus - acus tattoo machines\" \/>\n<meta property=\"og:description\" content=\"Gr\u00f6\u00dfe: \u230040 mm Gewicht: 65 g Farbe: schwarz Extra gro\u00dfer Grip aus eloxiertem, CNC-gefr\u00e4stem Aluminium Kompatibel mit allen Standard-Nadelmodulen, wie: Da Vinci, Kwadron, Cheyenne, ... HINWEIS: Bitte beachte, dass f\u00fcr Bestellungen aus nicht EU L\u00e4ndern Steuern bei der Einfuhr anfallen k\u00f6nnen. Die H\u00f6he richtet sich nach dem Mehrwertsteuersatz deines Landes.\" \/>\n<meta property=\"og:url\" content=\"https:\/\/staging.acus-tattoo.de\/de\/produkt\/m1-grip-plus\/\" \/>\n<meta property=\"og:site_name\" content=\"acus tattoo machines\" \/>\n<meta property=\"article:modified_time\" content=\"2025-07-08T11:26:32+00:00\" \/>\n<meta property=\"og:image\" content=\"https:\/\/staging.acus-tattoo.de\/wp-content\/uploads\/2023\/01\/IMG_0588.jpg\" \/>\n\t<meta property=\"og:image:width\" content=\"2400\" \/>\n\t<meta property=\"og:image:height\" content=\"2400\" \/>\n\t<meta property=\"og:image:type\" content=\"image\/jpeg\" \/>\n<meta name=\"twitter:card\" content=\"summary_large_image\" \/>\n<meta name=\"twitter:label1\" content=\"Gesch\u00e4tzte Lesezeit\" \/>\n\t<meta name=\"twitter:data1\" content=\"1\u00a0Minute\" \/>\n<script type=\"application\/ld+json\" class=\"yoast-schema-graph\">{\"@context\":\"https:\/\/schema.org\",\"@graph\":[{\"@type\":\"WebPage\",\"@id\":\"https:\/\/staging.acus-tattoo.de\/de\/produkt\/m1-grip-plus\/\",\"url\":\"https:\/\/staging.acus-tattoo.de\/de\/produkt\/m1-grip-plus\/\",\"name\":\"Grip Plus - acus tattoo machines\",\"isPartOf\":{\"@id\":\"https:\/\/staging.acus-tattoo.de\/de\/#website\"},\"primaryImageOfPage\":{\"@id\":\"https:\/\/staging.acus-tattoo.de\/de\/produkt\/m1-grip-plus\/#primaryimage\"},\"image\":{\"@id\":\"https:\/\/staging.acus-tattoo.de\/de\/produkt\/m1-grip-plus\/#primaryimage\"},\"thumbnailUrl\":\"https:\/\/staging.acus-tattoo.de\/wp-content\/uploads\/2023\/01\/IMG_0588.jpg\",\"datePublished\":\"2023-01-10T10:54:00+00:00\",\"dateModified\":\"2025-07-08T11:26:32+00:00\",\"breadcrumb\":{\"@id\":\"https:\/\/staging.acus-tattoo.de\/de\/produkt\/m1-grip-plus\/#breadcrumb\"},\"inLanguage\":\"de\",\"potentialAction\":[{\"@type\":\"ReadAction\",\"target\":[\"https:\/\/staging.acus-tattoo.de\/de\/produkt\/m1-grip-plus\/\"]}]},{\"@type\":\"ImageObject\",\"inLanguage\":\"de\",\"@id\":\"https:\/\/staging.acus-tattoo.de\/de\/produkt\/m1-grip-plus\/#primaryimage\",\"url\":\"https:\/\/staging.acus-tattoo.de\/wp-content\/uploads\/2023\/01\/IMG_0588.jpg\",\"contentUrl\":\"https:\/\/staging.acus-tattoo.de\/wp-content\/uploads\/2023\/01\/IMG_0588.jpg\",\"width\":2400,\"height\":2400},{\"@type\":\"BreadcrumbList\",\"@id\":\"https:\/\/staging.acus-tattoo.de\/de\/produkt\/m1-grip-plus\/#breadcrumb\",\"itemListElement\":[{\"@type\":\"ListItem\",\"position\":1,\"name\":\"Home\",\"item\":\"https:\/\/staging.acus-tattoo.de\/de\/\"},{\"@type\":\"ListItem\",\"position\":2,\"name\":\"Shop\",\"item\":\"https:\/\/staging.acus-tattoo.de\/shop\/\"},{\"@type\":\"ListItem\",\"position\":3,\"name\":\"Grip Plus\"}]},{\"@type\":\"WebSite\",\"@id\":\"https:\/\/staging.acus-tattoo.de\/de\/#website\",\"url\":\"https:\/\/staging.acus-tattoo.de\/de\/\",\"name\":\"acus tattoo machines\",\"description\":\"high quality tattoo machines from Germany\",\"potentialAction\":[{\"@type\":\"SearchAction\",\"target\":{\"@type\":\"EntryPoint\",\"urlTemplate\":\"https:\/\/staging.acus-tattoo.de\/de\/?s={search_term_string}\"},\"query-input\":{\"@type\":\"PropertyValueSpecification\",\"valueRequired\":true,\"valueName\":\"search_term_string\"}}],\"inLanguage\":\"de\"}]}<\/script>\n<!-- \/ Yoast SEO plugin. -->","yoast_head_json":{"title":"Grip Plus - acus tattoo machines","robots":{"index":"noindex","follow":"follow","max-snippet":"max-snippet:-1","max-image-preview":"max-image-preview:large","max-video-preview":"max-video-preview:-1"},"og_locale":"de_DE","og_type":"article","og_title":"Grip Plus - acus tattoo machines","og_description":"Gr\u00f6\u00dfe: \u230040 mm Gewicht: 65 g Farbe: schwarz Extra gro\u00dfer Grip aus eloxiertem, CNC-gefr\u00e4stem Aluminium Kompatibel mit allen Standard-Nadelmodulen, wie: Da Vinci, Kwadron, Cheyenne, ... HINWEIS: Bitte beachte, dass f\u00fcr Bestellungen aus nicht EU L\u00e4ndern Steuern bei der Einfuhr anfallen k\u00f6nnen. Die H\u00f6he richtet sich nach dem Mehrwertsteuersatz deines Landes.","og_url":"https:\/\/staging.acus-tattoo.de\/de\/produkt\/m1-grip-plus\/","og_site_name":"acus tattoo machines","article_modified_time":"2025-07-08T11:26:32+00:00","og_image":[{"width":2400,"height":2400,"url":"https:\/\/staging.acus-tattoo.de\/wp-content\/uploads\/2023\/01\/IMG_0588.jpg","type":"image\/jpeg"}],"twitter_card":"summary_large_image","twitter_misc":{"Gesch\u00e4tzte Lesezeit":"1\u00a0Minute"},"schema":{"@context":"https:\/\/schema.org","@graph":[{"@type":"WebPage","@id":"https:\/\/staging.acus-tattoo.de\/de\/produkt\/m1-grip-plus\/","url":"https:\/\/staging.acus-tattoo.de\/de\/produkt\/m1-grip-plus\/","name":"Grip Plus - acus tattoo machines","isPartOf":{"@id":"https:\/\/staging.acus-tattoo.de\/de\/#website"},"primaryImageOfPage":{"@id":"https:\/\/staging.acus-tattoo.de\/de\/produkt\/m1-grip-plus\/#primaryimage"},"image":{"@id":"https:\/\/staging.acus-tattoo.de\/de\/produkt\/m1-grip-plus\/#primaryimage"},"thumbnailUrl":"https:\/\/staging.acus-tattoo.de\/wp-content\/uploads\/2023\/01\/IMG_0588.jpg","datePublished":"2023-01-10T10:54:00+00:00","dateModified":"2025-07-08T11:26:32+00:00","breadcrumb":{"@id":"https:\/\/staging.acus-tattoo.de\/de\/produkt\/m1-grip-plus\/#breadcrumb"},"inLanguage":"de","potentialAction":[{"@type":"ReadAction","target":["https:\/\/staging.acus-tattoo.de\/de\/produkt\/m1-grip-plus\/"]}]},{"@type":"ImageObject","inLanguage":"de","@id":"https:\/\/staging.acus-tattoo.de\/de\/produkt\/m1-grip-plus\/#primaryimage","url":"https:\/\/staging.acus-tattoo.de\/wp-content\/uploads\/2023\/01\/IMG_0588.jpg","contentUrl":"https:\/\/staging.acus-tattoo.de\/wp-content\/uploads\/2023\/01\/IMG_0588.jpg","width":2400,"height":2400},{"@type":"BreadcrumbList","@id":"https:\/\/staging.acus-tattoo.de\/de\/produkt\/m1-grip-plus\/#breadcrumb","itemListElement":[{"@type":"ListItem","position":1,"name":"Home","item":"https:\/\/staging.acus-tattoo.de\/de\/"},{"@type":"ListItem","position":2,"name":"Shop","item":"https:\/\/staging.acus-tattoo.de\/shop\/"},{"@type":"ListItem","position":3,"name":"Grip Plus"}]},{"@type":"WebSite","@id":"https:\/\/staging.acus-tattoo.de\/de\/#website","url":"https:\/\/staging.acus-tattoo.de\/de\/","name":"acus tattoo machines","description":"high quality tattoo machines from Germany","potentialAction":[{"@type":"SearchAction","target":{"@type":"EntryPoint","urlTemplate":"https:\/\/staging.acus-tattoo.de\/de\/?s={search_term_string}"},"query-input":{"@type":"PropertyValueSpecification","valueRequired":true,"valueName":"search_term_string"}}],"inLanguage":"de"}]}},"_links":{"self":[{"href":"https:\/\/staging.acus-tattoo.de\/de\/wp-json\/wp\/v2\/product\/7752","targetHints":{"allow":["GET"]}}],"collection":[{"href":"https:\/\/staging.acus-tattoo.de\/de\/wp-json\/wp\/v2\/product"}],"about":[{"href":"https:\/\/staging.acus-tattoo.de\/de\/wp-json\/wp\/v2\/types\/product"}],"version-history":[{"count":31,"href":"https:\/\/staging.acus-tattoo.de\/de\/wp-json\/wp\/v2\/product\/7752\/revisions"}],"predecessor-version":[{"id":18396,"href":"https:\/\/staging.acus-tattoo.de\/de\/wp-json\/wp\/v2\/product\/7752\/revisions\/18396"}],"wp:featuredmedia":[{"embeddable":true,"href":"https:\/\/staging.acus-tattoo.de\/de\/wp-json\/wp\/v2\/media\/8195"}],"wp:attachment":[{"href":"https:\/\/staging.acus-tattoo.de\/de\/wp-json\/wp\/v2\/media?parent=7752"}],"wp:term":[{"taxonomy":"product_brand","embeddable":true,"href":"https:\/\/staging.acus-tattoo.de\/de\/wp-json\/wp\/v2\/product_brand?post=7752"},{"taxonomy":"product_cat","embeddable":true,"href":"https:\/\/staging.acus-tattoo.de\/de\/wp-json\/wp\/v2\/product_cat?post=7752"},{"taxonomy":"product_tag","embeddable":true,"href":"https:\/\/staging.acus-tattoo.de\/de\/wp-json\/wp\/v2\/product_tag?post=7752"}],"curies":[{"name":"wp","href":"https:\/\/api.w.org\/{rel}","templated":true}]}}