{"id":15261,"date":"2024-11-06T08:40:06","date_gmt":"2024-11-06T07:40:06","guid":{"rendered":"https:\/\/staging.acus-tattoo.de\/?post_type=product&#038;p=15261"},"modified":"2025-06-24T21:40:38","modified_gmt":"2025-06-24T19:40:38","slug":"strokes","status":"publish","type":"product","link":"https:\/\/staging.acus-tattoo.de\/de\/produkt\/strokes\/","title":{"rendered":"Strokes"},"content":{"rendered":"\t\t<div data-elementor-type=\"product-post\" data-elementor-id=\"15261\" class=\"elementor elementor-15261 elementor-15682\" data-elementor-post-type=\"product\">\n\t\t\t\t\t\t<section class=\"elementor-section elementor-top-section elementor-element elementor-element-5f5191d9 elementor-section-stretched elementor-section-boxed elementor-section-height-default elementor-section-height-default\" data-id=\"5f5191d9\" data-element_type=\"section\" data-e-type=\"section\" data-settings=\"{&quot;stretch_section&quot;:&quot;section-stretched&quot;}\">\n\t\t\t\t\t\t<div class=\"elementor-container elementor-column-gap-narrow\">\n\t\t\t\t\t<div class=\"elementor-column elementor-col-100 elementor-top-column elementor-element elementor-element-2c65c2af\" data-id=\"2c65c2af\" data-element_type=\"column\" data-e-type=\"column\">\n\t\t\t<div class=\"elementor-widget-wrap elementor-element-populated\">\n\t\t\t\t\t\t<div class=\"elementor-element elementor-element-9fa6d4b elementor-cta--valign-top elementor-cta--layout-image-above elementor-cta--skin-classic elementor-animated-content elementor-widget elementor-widget-call-to-action\" data-id=\"9fa6d4b\" data-element_type=\"widget\" data-e-type=\"widget\" data-widget_type=\"call-to-action.default\">\n\t\t\t\t<div class=\"elementor-widget-container\">\n\t\t\t\t\t\t\t<div class=\"elementor-cta\">\n\t\t\t\t\t\t\t<div class=\"elementor-cta__content\">\n\t\t\t\t\n\t\t\t\t\t\t\t\t\t<h2 class=\"elementor-cta__title elementor-cta__content-item elementor-content-item\">\n\t\t\t\t\t\tClassic Strokes \u2013 Perfektion durch h\u00f6chste Laufruhe\t\t\t\t\t<\/h2>\n\t\t\t\t\n\t\t\t\t\t\t\t\t\t<div class=\"elementor-cta__description elementor-cta__content-item elementor-content-item\">\n\t\t\t\t\t\t<div class=\"flex max-w-full flex-col flex-grow\">\n<div class=\"min-h-8 text-message flex w-full flex-col items-end gap-2 whitespace-normal break-words text-start [.text-message+&amp;]:mt-5\" dir=\"auto\" data-message-author-role=\"assistant\" data-message-id=\"09f50ce4-195c-4d9a-8d4b-27537a9e18f8\" data-message-model-slug=\"gpt-4o\">\n<div class=\"flex w-full flex-col gap-1 empty:hidden first:pt-[3px]\">\n<div class=\"markdown prose w-full break-words dark:prose-invert light\">\n<p>Mit den Classic Strokes setzt ACUS neue Ma\u00dfst\u00e4be in der Tattoo-Technologie. Sie stehen f\u00fcr unerreichte Laufruhe und geringste Vibration, sodass Du mit maximaler Kontrolle und feinster Pr\u00e4zision arbeiten kannst.<\/p>\n<p>Vertraue auf die Perfektion der Classic Strokes und bringe deine Strokeauswahl auf ein neues Level!<\/p>\n<\/div>\n<\/div>\n<\/div>\n<\/div>\n\t\t\t\t\t<\/div>\n\t\t\t\t\n\t\t\t\t\t\t\t<\/div>\n\t\t\t\t\t\t<\/div>\n\t\t\t\t\t\t<\/div>\n\t\t\t\t<\/div>\n\t\t\t\t\t<\/div>\n\t\t<\/div>\n\t\t\t\t\t<\/div>\n\t\t<\/section>\n\t\t\t\t<section class=\"elementor-section elementor-top-section elementor-element elementor-element-5803667 elementor-section-full_width elementor-section-content-middle elementor-section-height-default elementor-section-height-default\" data-id=\"5803667\" data-element_type=\"section\" data-e-type=\"section\">\n\t\t\t\t\t\t<div class=\"elementor-container elementor-column-gap-no\">\n\t\t\t\t\t<div class=\"elementor-column elementor-col-100 elementor-top-column elementor-element elementor-element-6ba7ae6\" data-id=\"6ba7ae6\" data-element_type=\"column\" data-e-type=\"column\">\n\t\t\t<div class=\"elementor-widget-wrap elementor-element-populated\">\n\t\t\t\t\t\t<div class=\"elementor-element elementor-element-3d31820 elementor-widget elementor-widget-image\" data-id=\"3d31820\" data-element_type=\"widget\" data-e-type=\"widget\" data-widget_type=\"image.default\">\n\t\t\t\t<div class=\"elementor-widget-container\">\n\t\t\t\t\t\t\t\t\t\t\t\t\t\t\t<img decoding=\"async\" src=\"https:\/\/staging.acus-tattoo.de\/wp-content\/uploads\/2025\/01\/04_Strokes_comparison.png\" title=\"\" alt=\"\" loading=\"lazy\" \/>\t\t\t\t\t\t\t\t\t\t\t\t\t\t\t<\/div>\n\t\t\t\t<\/div>\n\t\t\t\t\t<\/div>\n\t\t<\/div>\n\t\t\t\t\t<\/div>\n\t\t<\/section>\n\t\t\t\t<section class=\"elementor-section elementor-top-section elementor-element elementor-element-753c921 elementor-section-boxed elementor-section-height-default elementor-section-height-default\" data-id=\"753c921\" data-element_type=\"section\" data-e-type=\"section\">\n\t\t\t\t\t\t<div class=\"elementor-container elementor-column-gap-default\">\n\t\t\t\t\t<div class=\"elementor-column elementor-col-100 elementor-top-column elementor-element elementor-element-724ed28\" data-id=\"724ed28\" data-element_type=\"column\" data-e-type=\"column\">\n\t\t\t<div class=\"elementor-widget-wrap elementor-element-populated\">\n\t\t\t\t\t\t<div class=\"elementor-element elementor-element-354358a elementor-widget elementor-widget-text-editor\" data-id=\"354358a\" data-element_type=\"widget\" data-e-type=\"widget\" data-widget_type=\"text-editor.default\">\n\t\t\t\t<div class=\"elementor-widget-container\">\n\t\t\t\t\t\t\t\t\t<p>\u00a0<\/p>\r\n<p><span style=\"color: #000000;\">Hier kannst du sehen, mit welchen ACUS-T\u00e4towiermaschinen das Produkt kompatibel ist.\u200b<\/span><\/p>\r\n\t\t\t\t\t\t\t\t<\/div>\n\t\t\t\t<\/div>\n\t\t\t\t<div class=\"elementor-element elementor-element-2a6f3f2 elementor-widget elementor-widget-shortcode\" data-id=\"2a6f3f2\" data-element_type=\"widget\" data-e-type=\"widget\" data-widget_type=\"shortcode.default\">\n\t\t\t\t<div class=\"elementor-widget-container\">\n\t\t\t\t\t\t\t<div class=\"elementor-shortcode\">\n<table id=\"tablepress-1\" class=\"tablepress tablepress-id-1 main-compatibility-class\">\n<thead>\n<tr class=\"row-1\">\n\t<th class=\"column-1\">Picture<\/th><th class=\"column-2\">Part<\/th><th class=\"column-3\">M1<\/th><th class=\"column-4\">M1 Plus<\/th><th class=\"column-5\">M1 Ayre<\/th><th class=\"column-6\">C2<\/th>\n<\/tr>\n<\/thead>\n<tbody class=\"row-striping row-hover\">\n<tr class=\"row-2\">\n\t<td class=\"column-1\"><img decoding=\"async\" src=\"https:\/\/staging.acus-tattoo.de\/wp-content\/uploads\/2024\/11\/Strokes-300x300.png\" alt=\"\" width=\"120\" height=\"120\" class=\"alignnone size-medium wp-image-15715\" style=\"width:120px;height:120px;object-fit:none;\" srcset=\"https:\/\/staging.acus-tattoo.de\/wp-content\/uploads\/2024\/11\/Strokes-300x300.png 300w, https:\/\/staging.acus-tattoo.de\/wp-content\/uploads\/2024\/11\/Strokes-1024x1024.png 1024w, https:\/\/staging.acus-tattoo.de\/wp-content\/uploads\/2024\/11\/Strokes-150x150.png 150w, https:\/\/staging.acus-tattoo.de\/wp-content\/uploads\/2024\/11\/Strokes-768x768.png 768w, https:\/\/staging.acus-tattoo.de\/wp-content\/uploads\/2024\/11\/Strokes-1536x1536.png 1536w, https:\/\/staging.acus-tattoo.de\/wp-content\/uploads\/2024\/11\/Strokes-2048x2048.png 2048w, https:\/\/staging.acus-tattoo.de\/wp-content\/uploads\/2024\/11\/Strokes-1320x1320.png 1320w, https:\/\/staging.acus-tattoo.de\/wp-content\/uploads\/2024\/11\/Strokes-600x600.png 600w, https:\/\/staging.acus-tattoo.de\/wp-content\/uploads\/2024\/11\/Strokes-100x100.png 100w\" sizes=\"(max-width: 120px) 100vw, 120px\" \/><\/td><td class=\"column-2\"><a href=\"https:\/\/staging.acus-tattoo.de\/product\/strokes\/\" target=\"_blank\">Strokes<\/a><\/td><td class=\"column-3\"><span class=\"doublecheck\">&check;&check;<\/span><\/td><td class=\"column-4\"><span class=\"doublecheck\">&check;&check;<\/span><\/td><td class=\"column-5\"><span class=\"doublecheck\">&check;&check;<\/span><\/td><td class=\"column-6\"><span class=\"doublecheck\">&check;&check;<\/span><\/td>\n<\/tr>\n<\/tbody>\n<\/table>\n<!-- #tablepress-1 from cache --><\/div>\n\t\t\t\t\t\t<\/div>\n\t\t\t\t<\/div>\n\t\t\t\t\t<\/div>\n\t\t<\/div>\n\t\t\t\t\t<\/div>\n\t\t<\/section>\n\t\t\t\t<\/div>\n\t\t","protected":false},"excerpt":{"rendered":"<h6><span style=\"color: #000000;\" data-darkreader-inline-color=\"\">Classic Stroke<\/span><\/h6>\n<h6><span style=\"color: #000000;\" data-darkreader-inline-color=\"\">Antriebskopf passend f\u00fcr alle ACUS T\u00e4towiermaschinen<\/span><\/h6>\n<p>&nbsp;<\/p>\n<p>&nbsp;<\/p>\n<p>&nbsp;<\/p>\n<h5><\/h5>\n","protected":false},"featured_media":15716,"template":"","meta":{"neve_meta_sidebar":"","neve_meta_container":"","neve_meta_enable_content_width":"off","neve_meta_content_width":100,"neve_meta_title_alignment":"","neve_meta_author_avatar":"","neve_post_elements_order":"","neve_meta_disable_header":"","neve_meta_disable_footer":"","neve_meta_disable_title":"","neve_meta_reading_time":""},"product_brand":[],"product_cat":[35],"product_tag":[],"class_list":{"0":"post-15261","1":"product","2":"type-product","3":"status-publish","4":"has-post-thumbnail","6":"product_cat-zubehoer","7":"product_shipping_class-warenpost","9":"first","10":"instock","11":"taxable","12":"shipping-taxable","13":"purchasable","14":"product-type-variable"},"yoast_head":"<!-- This site is optimized with the Yoast SEO plugin v26.9 - https:\/\/yoast.com\/product\/yoast-seo-wordpress\/ -->\n<title>Strokes - acus tattoo machines<\/title>\n<meta name=\"robots\" content=\"noindex, follow, max-snippet:-1, max-image-preview:large, max-video-preview:-1\" \/>\n<meta property=\"og:locale\" content=\"de_DE\" \/>\n<meta property=\"og:type\" content=\"article\" \/>\n<meta property=\"og:title\" content=\"Strokes - acus tattoo machines\" \/>\n<meta property=\"og:description\" content=\"Classic Stroke Antriebskopf passend f\u00fcr alle ACUS T\u00e4towiermaschinen &nbsp;  &nbsp;  &nbsp;\" \/>\n<meta property=\"og:url\" content=\"https:\/\/staging.acus-tattoo.de\/de\/produkt\/strokes\/\" \/>\n<meta property=\"og:site_name\" content=\"acus tattoo machines\" \/>\n<meta property=\"article:modified_time\" content=\"2025-06-24T19:40:38+00:00\" \/>\n<meta property=\"og:image\" content=\"https:\/\/staging.acus-tattoo.de\/wp-content\/uploads\/2024\/11\/Strokes.png\" \/>\n\t<meta property=\"og:image:width\" content=\"2160\" \/>\n\t<meta property=\"og:image:height\" content=\"2160\" \/>\n\t<meta property=\"og:image:type\" content=\"image\/png\" \/>\n<meta name=\"twitter:card\" content=\"summary_large_image\" \/>\n<meta name=\"twitter:label1\" content=\"Gesch\u00e4tzte Lesezeit\" \/>\n\t<meta name=\"twitter:data1\" content=\"1\u00a0Minute\" \/>\n<script type=\"application\/ld+json\" class=\"yoast-schema-graph\">{\"@context\":\"https:\/\/schema.org\",\"@graph\":[{\"@type\":\"WebPage\",\"@id\":\"https:\/\/staging.acus-tattoo.de\/de\/produkt\/strokes\/\",\"url\":\"https:\/\/staging.acus-tattoo.de\/de\/produkt\/strokes\/\",\"name\":\"Strokes - acus tattoo machines\",\"isPartOf\":{\"@id\":\"https:\/\/staging.acus-tattoo.de\/de\/#website\"},\"primaryImageOfPage\":{\"@id\":\"https:\/\/staging.acus-tattoo.de\/de\/produkt\/strokes\/#primaryimage\"},\"image\":{\"@id\":\"https:\/\/staging.acus-tattoo.de\/de\/produkt\/strokes\/#primaryimage\"},\"thumbnailUrl\":\"https:\/\/staging.acus-tattoo.de\/wp-content\/uploads\/2024\/11\/Strokes.png\",\"datePublished\":\"2024-11-06T07:40:06+00:00\",\"dateModified\":\"2025-06-24T19:40:38+00:00\",\"breadcrumb\":{\"@id\":\"https:\/\/staging.acus-tattoo.de\/de\/produkt\/strokes\/#breadcrumb\"},\"inLanguage\":\"de\",\"potentialAction\":[{\"@type\":\"ReadAction\",\"target\":[\"https:\/\/staging.acus-tattoo.de\/de\/produkt\/strokes\/\"]}]},{\"@type\":\"ImageObject\",\"inLanguage\":\"de\",\"@id\":\"https:\/\/staging.acus-tattoo.de\/de\/produkt\/strokes\/#primaryimage\",\"url\":\"https:\/\/staging.acus-tattoo.de\/wp-content\/uploads\/2024\/11\/Strokes.png\",\"contentUrl\":\"https:\/\/staging.acus-tattoo.de\/wp-content\/uploads\/2024\/11\/Strokes.png\",\"width\":2160,\"height\":2160},{\"@type\":\"BreadcrumbList\",\"@id\":\"https:\/\/staging.acus-tattoo.de\/de\/produkt\/strokes\/#breadcrumb\",\"itemListElement\":[{\"@type\":\"ListItem\",\"position\":1,\"name\":\"Home\",\"item\":\"https:\/\/staging.acus-tattoo.de\/de\/\"},{\"@type\":\"ListItem\",\"position\":2,\"name\":\"Shop\",\"item\":\"https:\/\/staging.acus-tattoo.de\/shop\/\"},{\"@type\":\"ListItem\",\"position\":3,\"name\":\"Strokes\"}]},{\"@type\":\"WebSite\",\"@id\":\"https:\/\/staging.acus-tattoo.de\/de\/#website\",\"url\":\"https:\/\/staging.acus-tattoo.de\/de\/\",\"name\":\"acus tattoo machines\",\"description\":\"high quality tattoo machines from Germany\",\"potentialAction\":[{\"@type\":\"SearchAction\",\"target\":{\"@type\":\"EntryPoint\",\"urlTemplate\":\"https:\/\/staging.acus-tattoo.de\/de\/?s={search_term_string}\"},\"query-input\":{\"@type\":\"PropertyValueSpecification\",\"valueRequired\":true,\"valueName\":\"search_term_string\"}}],\"inLanguage\":\"de\"}]}<\/script>\n<!-- \/ Yoast SEO plugin. -->","yoast_head_json":{"title":"Strokes - acus tattoo machines","robots":{"index":"noindex","follow":"follow","max-snippet":"max-snippet:-1","max-image-preview":"max-image-preview:large","max-video-preview":"max-video-preview:-1"},"og_locale":"de_DE","og_type":"article","og_title":"Strokes - acus tattoo machines","og_description":"Classic Stroke Antriebskopf passend f\u00fcr alle ACUS T\u00e4towiermaschinen &nbsp;  &nbsp;  &nbsp;","og_url":"https:\/\/staging.acus-tattoo.de\/de\/produkt\/strokes\/","og_site_name":"acus tattoo machines","article_modified_time":"2025-06-24T19:40:38+00:00","og_image":[{"width":2160,"height":2160,"url":"https:\/\/staging.acus-tattoo.de\/wp-content\/uploads\/2024\/11\/Strokes.png","type":"image\/png"}],"twitter_card":"summary_large_image","twitter_misc":{"Gesch\u00e4tzte Lesezeit":"1\u00a0Minute"},"schema":{"@context":"https:\/\/schema.org","@graph":[{"@type":"WebPage","@id":"https:\/\/staging.acus-tattoo.de\/de\/produkt\/strokes\/","url":"https:\/\/staging.acus-tattoo.de\/de\/produkt\/strokes\/","name":"Strokes - acus tattoo machines","isPartOf":{"@id":"https:\/\/staging.acus-tattoo.de\/de\/#website"},"primaryImageOfPage":{"@id":"https:\/\/staging.acus-tattoo.de\/de\/produkt\/strokes\/#primaryimage"},"image":{"@id":"https:\/\/staging.acus-tattoo.de\/de\/produkt\/strokes\/#primaryimage"},"thumbnailUrl":"https:\/\/staging.acus-tattoo.de\/wp-content\/uploads\/2024\/11\/Strokes.png","datePublished":"2024-11-06T07:40:06+00:00","dateModified":"2025-06-24T19:40:38+00:00","breadcrumb":{"@id":"https:\/\/staging.acus-tattoo.de\/de\/produkt\/strokes\/#breadcrumb"},"inLanguage":"de","potentialAction":[{"@type":"ReadAction","target":["https:\/\/staging.acus-tattoo.de\/de\/produkt\/strokes\/"]}]},{"@type":"ImageObject","inLanguage":"de","@id":"https:\/\/staging.acus-tattoo.de\/de\/produkt\/strokes\/#primaryimage","url":"https:\/\/staging.acus-tattoo.de\/wp-content\/uploads\/2024\/11\/Strokes.png","contentUrl":"https:\/\/staging.acus-tattoo.de\/wp-content\/uploads\/2024\/11\/Strokes.png","width":2160,"height":2160},{"@type":"BreadcrumbList","@id":"https:\/\/staging.acus-tattoo.de\/de\/produkt\/strokes\/#breadcrumb","itemListElement":[{"@type":"ListItem","position":1,"name":"Home","item":"https:\/\/staging.acus-tattoo.de\/de\/"},{"@type":"ListItem","position":2,"name":"Shop","item":"https:\/\/staging.acus-tattoo.de\/shop\/"},{"@type":"ListItem","position":3,"name":"Strokes"}]},{"@type":"WebSite","@id":"https:\/\/staging.acus-tattoo.de\/de\/#website","url":"https:\/\/staging.acus-tattoo.de\/de\/","name":"acus tattoo machines","description":"high quality tattoo machines from Germany","potentialAction":[{"@type":"SearchAction","target":{"@type":"EntryPoint","urlTemplate":"https:\/\/staging.acus-tattoo.de\/de\/?s={search_term_string}"},"query-input":{"@type":"PropertyValueSpecification","valueRequired":true,"valueName":"search_term_string"}}],"inLanguage":"de"}]}},"_links":{"self":[{"href":"https:\/\/staging.acus-tattoo.de\/de\/wp-json\/wp\/v2\/product\/15261","targetHints":{"allow":["GET"]}}],"collection":[{"href":"https:\/\/staging.acus-tattoo.de\/de\/wp-json\/wp\/v2\/product"}],"about":[{"href":"https:\/\/staging.acus-tattoo.de\/de\/wp-json\/wp\/v2\/types\/product"}],"version-history":[{"count":53,"href":"https:\/\/staging.acus-tattoo.de\/de\/wp-json\/wp\/v2\/product\/15261\/revisions"}],"predecessor-version":[{"id":18416,"href":"https:\/\/staging.acus-tattoo.de\/de\/wp-json\/wp\/v2\/product\/15261\/revisions\/18416"}],"wp:featuredmedia":[{"embeddable":true,"href":"https:\/\/staging.acus-tattoo.de\/de\/wp-json\/wp\/v2\/media\/15716"}],"wp:attachment":[{"href":"https:\/\/staging.acus-tattoo.de\/de\/wp-json\/wp\/v2\/media?parent=15261"}],"wp:term":[{"taxonomy":"product_brand","embeddable":true,"href":"https:\/\/staging.acus-tattoo.de\/de\/wp-json\/wp\/v2\/product_brand?post=15261"},{"taxonomy":"product_cat","embeddable":true,"href":"https:\/\/staging.acus-tattoo.de\/de\/wp-json\/wp\/v2\/product_cat?post=15261"},{"taxonomy":"product_tag","embeddable":true,"href":"https:\/\/staging.acus-tattoo.de\/de\/wp-json\/wp\/v2\/product_tag?post=15261"}],"curies":[{"name":"wp","href":"https:\/\/api.w.org\/{rel}","templated":true}]}}