{"id":12216,"date":"2023-08-15T06:50:49","date_gmt":"2023-08-15T04:50:49","guid":{"rendered":"https:\/\/staging.acus-tattoo.de\/?post_type=product&#038;p=12216"},"modified":"2025-04-30T13:56:26","modified_gmt":"2025-04-30T11:56:26","slug":"m1-housing-tool","status":"publish","type":"product","link":"https:\/\/staging.acus-tattoo.de\/de\/produkt\/m1-housing-tool\/","title":{"rendered":"Housing Tool"},"content":{"rendered":"\t\t<div data-elementor-type=\"product-post\" data-elementor-id=\"12216\" class=\"elementor elementor-12216 elementor-12218\" data-elementor-post-type=\"product\">\n\t\t\t\t\t\t<section class=\"elementor-section elementor-top-section elementor-element elementor-element-5f5191d9 elementor-section-stretched elementor-section-boxed elementor-section-height-default elementor-section-height-default\" data-id=\"5f5191d9\" data-element_type=\"section\" data-e-type=\"section\" data-settings=\"{&quot;stretch_section&quot;:&quot;section-stretched&quot;}\">\n\t\t\t\t\t\t<div class=\"elementor-container elementor-column-gap-narrow\">\n\t\t\t\t\t<div class=\"elementor-column elementor-col-100 elementor-top-column elementor-element elementor-element-2c65c2af\" data-id=\"2c65c2af\" data-element_type=\"column\" data-e-type=\"column\">\n\t\t\t<div class=\"elementor-widget-wrap elementor-element-populated\">\n\t\t\t\t\t\t<div class=\"elementor-element elementor-element-9fa6d4b elementor-cta--valign-top elementor-cta--layout-image-above elementor-cta--skin-classic elementor-animated-content elementor-widget elementor-widget-call-to-action\" data-id=\"9fa6d4b\" data-element_type=\"widget\" data-e-type=\"widget\" data-widget_type=\"call-to-action.default\">\n\t\t\t\t<div class=\"elementor-widget-container\">\n\t\t\t\t\t\t\t<div class=\"elementor-cta\">\n\t\t\t\t\t\t\t\t<\/div>\n\t\t\t\t\t\t<\/div>\n\t\t\t\t<\/div>\n\t\t\t\t\t<\/div>\n\t\t<\/div>\n\t\t\t\t\t<\/div>\n\t\t<\/section>\n\t\t\t\t<section class=\"elementor-section elementor-top-section elementor-element elementor-element-8ce9992 elementor-section-boxed elementor-section-height-default elementor-section-height-default\" data-id=\"8ce9992\" data-element_type=\"section\" data-e-type=\"section\">\n\t\t\t\t\t\t<div class=\"elementor-container elementor-column-gap-narrow\">\n\t\t\t\t\t<div class=\"elementor-column elementor-col-33 elementor-top-column elementor-element elementor-element-085630e\" data-id=\"085630e\" data-element_type=\"column\" data-e-type=\"column\">\n\t\t\t<div class=\"elementor-widget-wrap elementor-element-populated\">\n\t\t\t\t\t\t<div class=\"elementor-element elementor-element-48b22d9 elementor-flip-box--effect-slide elementor-flip-box--direction-up elementor-widget elementor-widget-flip-box\" data-id=\"48b22d9\" data-element_type=\"widget\" data-e-type=\"widget\" data-widget_type=\"flip-box.default\">\n\t\t\t\t<div class=\"elementor-widget-container\">\n\t\t\t\t\t\t\t<div class=\"elementor-flip-box\" tabindex=\"0\">\n\t\t\t<div class=\"elementor-flip-box__layer elementor-flip-box__front\">\n\t\t\t\t<div class=\"elementor-flip-box__layer__overlay\">\n\t\t\t\t\t<div class=\"elementor-flip-box__layer__inner\">\n\t\t\t\t\t\t\n\t\t\t\t\t\t\n\t\t\t\t\t\t\t\t\t\t\t<\/div>\n\t\t\t\t<\/div>\n\t\t\t<\/div>\n\t\t\t<div class=\"elementor-flip-box__layer elementor-flip-box__back\">\n\t\t\t<div class=\"elementor-flip-box__layer__overlay\">\n\t\t\t\t<div class=\"elementor-flip-box__layer__inner\">\n\t\t\t\t\t\n\t\t\t\t\t\n\t\t\t\t\t\t\t\t<\/div>\n\t\t<\/div>\n\t\t<\/div>\n\t\t<\/div>\n\t\t\t\t\t\t<\/div>\n\t\t\t\t<\/div>\n\t\t\t\t\t<\/div>\n\t\t<\/div>\n\t\t\t\t<div class=\"elementor-column elementor-col-33 elementor-top-column elementor-element elementor-element-e462b74\" data-id=\"e462b74\" data-element_type=\"column\" data-e-type=\"column\">\n\t\t\t<div class=\"elementor-widget-wrap elementor-element-populated\">\n\t\t\t\t\t\t<div class=\"elementor-element elementor-element-bfc6362 elementor-flip-box--effect-slide elementor-flip-box--direction-up elementor-widget elementor-widget-flip-box\" data-id=\"bfc6362\" data-element_type=\"widget\" data-e-type=\"widget\" data-widget_type=\"flip-box.default\">\n\t\t\t\t<div class=\"elementor-widget-container\">\n\t\t\t\t\t\t\t<div class=\"elementor-flip-box\" tabindex=\"0\">\n\t\t\t<div class=\"elementor-flip-box__layer elementor-flip-box__front\">\n\t\t\t\t<div class=\"elementor-flip-box__layer__overlay\">\n\t\t\t\t\t<div class=\"elementor-flip-box__layer__inner\">\n\t\t\t\t\t\t\n\t\t\t\t\t\t\n\t\t\t\t\t\t\t\t\t\t\t<\/div>\n\t\t\t\t<\/div>\n\t\t\t<\/div>\n\t\t\t<div class=\"elementor-flip-box__layer elementor-flip-box__back\">\n\t\t\t<div class=\"elementor-flip-box__layer__overlay\">\n\t\t\t\t<div class=\"elementor-flip-box__layer__inner\">\n\t\t\t\t\t\n\t\t\t\t\t\n\t\t\t\t\t\t\t\t<\/div>\n\t\t<\/div>\n\t\t<\/div>\n\t\t<\/div>\n\t\t\t\t\t\t<\/div>\n\t\t\t\t<\/div>\n\t\t\t\t\t<\/div>\n\t\t<\/div>\n\t\t\t\t<div class=\"elementor-column elementor-col-33 elementor-top-column elementor-element elementor-element-59a07e0\" data-id=\"59a07e0\" data-element_type=\"column\" data-e-type=\"column\">\n\t\t\t<div class=\"elementor-widget-wrap elementor-element-populated\">\n\t\t\t\t\t\t<div class=\"elementor-element elementor-element-77d25d2 elementor-flip-box--effect-slide elementor-flip-box--direction-up elementor-widget elementor-widget-flip-box\" data-id=\"77d25d2\" data-element_type=\"widget\" data-e-type=\"widget\" data-widget_type=\"flip-box.default\">\n\t\t\t\t<div class=\"elementor-widget-container\">\n\t\t\t\t\t\t\t<div class=\"elementor-flip-box\" tabindex=\"0\">\n\t\t\t<div class=\"elementor-flip-box__layer elementor-flip-box__front\">\n\t\t\t\t<div class=\"elementor-flip-box__layer__overlay\">\n\t\t\t\t\t<div class=\"elementor-flip-box__layer__inner\">\n\t\t\t\t\t\t\n\t\t\t\t\t\t\n\t\t\t\t\t\t\t\t\t\t\t<\/div>\n\t\t\t\t<\/div>\n\t\t\t<\/div>\n\t\t\t<div class=\"elementor-flip-box__layer elementor-flip-box__back\">\n\t\t\t<div class=\"elementor-flip-box__layer__overlay\">\n\t\t\t\t<div class=\"elementor-flip-box__layer__inner\">\n\t\t\t\t\t\n\t\t\t\t\t\n\t\t\t\t\t\t\t\t<\/div>\n\t\t<\/div>\n\t\t<\/div>\n\t\t<\/div>\n\t\t\t\t\t\t<\/div>\n\t\t\t\t<\/div>\n\t\t\t\t\t<\/div>\n\t\t<\/div>\n\t\t\t\t\t<\/div>\n\t\t<\/section>\n\t\t\t\t<\/div>\n\t\t","protected":false},"excerpt":{"rendered":"<h6><span style=\"color: #000000;\">M1 Housing Tool<\/span><\/h6>\n<p>Werkzeug f\u00fcr das \u00d6ffnen des Geh\u00e4uses der Tattoomaschinen ACUS M1 und ACUS M1 Plus.<\/p>\n<p>Das Werkzeug ist bereits im Lieferumfang der M1 und M1+ enthalten. Es muss hier also nur bestellt werden, wenn ihr euer urspr\u00fcngliches Werkzeug verloren habt.<\/p>\n<p>&nbsp;<\/p>\n<p>&nbsp;<\/p>\n<h5><\/h5>\n","protected":false},"featured_media":12232,"template":"","meta":{"neve_meta_sidebar":"","neve_meta_container":"","neve_meta_enable_content_width":"off","neve_meta_content_width":100,"neve_meta_title_alignment":"","neve_meta_author_avatar":"","neve_post_elements_order":"","neve_meta_disable_header":"","neve_meta_disable_footer":"","neve_meta_disable_title":"","neve_meta_reading_time":""},"product_brand":[],"product_cat":[35],"product_tag":[],"class_list":{"0":"post-12216","1":"product","2":"type-product","3":"status-publish","4":"has-post-thumbnail","6":"product_cat-zubehoer","7":"product_shipping_class-warenpost","9":"first","10":"instock","11":"taxable","12":"shipping-taxable","13":"purchasable","14":"product-type-simple"},"yoast_head":"<!-- This site is optimized with the Yoast SEO plugin v26.9 - https:\/\/yoast.com\/product\/yoast-seo-wordpress\/ -->\n<title>Housing Tool - acus tattoo machines<\/title>\n<meta name=\"robots\" content=\"noindex, follow, max-snippet:-1, max-image-preview:large, max-video-preview:-1\" \/>\n<meta property=\"og:locale\" content=\"de_DE\" \/>\n<meta property=\"og:type\" content=\"article\" \/>\n<meta property=\"og:title\" content=\"Housing Tool - acus tattoo machines\" \/>\n<meta property=\"og:description\" content=\"M1 Housing Tool Werkzeug f\u00fcr das \u00d6ffnen des Geh\u00e4uses der Tattoomaschinen ACUS M1 und ACUS M1 Plus.  Das Werkzeug ist bereits im Lieferumfang der M1 und M1+ enthalten. Es muss hier also nur bestellt werden, wenn ihr euer urspr\u00fcngliches Werkzeug verloren habt.  &nbsp;  &nbsp;\" \/>\n<meta property=\"og:url\" content=\"https:\/\/staging.acus-tattoo.de\/de\/produkt\/m1-housing-tool\/\" \/>\n<meta property=\"og:site_name\" content=\"acus tattoo machines\" \/>\n<meta property=\"article:modified_time\" content=\"2025-04-30T11:56:26+00:00\" \/>\n<meta property=\"og:image\" content=\"https:\/\/staging.acus-tattoo.de\/wp-content\/uploads\/2023\/08\/Tool-1.jpg\" \/>\n\t<meta property=\"og:image:width\" content=\"1800\" \/>\n\t<meta property=\"og:image:height\" content=\"1800\" \/>\n\t<meta property=\"og:image:type\" content=\"image\/jpeg\" \/>\n<meta name=\"twitter:card\" content=\"summary_large_image\" \/>\n<meta name=\"twitter:label1\" content=\"Gesch\u00e4tzte Lesezeit\" \/>\n\t<meta name=\"twitter:data1\" content=\"1\u00a0Minute\" \/>\n<script type=\"application\/ld+json\" class=\"yoast-schema-graph\">{\"@context\":\"https:\/\/schema.org\",\"@graph\":[{\"@type\":\"WebPage\",\"@id\":\"https:\/\/staging.acus-tattoo.de\/de\/produkt\/m1-housing-tool\/\",\"url\":\"https:\/\/staging.acus-tattoo.de\/de\/produkt\/m1-housing-tool\/\",\"name\":\"Housing Tool - acus tattoo machines\",\"isPartOf\":{\"@id\":\"https:\/\/staging.acus-tattoo.de\/de\/#website\"},\"primaryImageOfPage\":{\"@id\":\"https:\/\/staging.acus-tattoo.de\/de\/produkt\/m1-housing-tool\/#primaryimage\"},\"image\":{\"@id\":\"https:\/\/staging.acus-tattoo.de\/de\/produkt\/m1-housing-tool\/#primaryimage\"},\"thumbnailUrl\":\"https:\/\/staging.acus-tattoo.de\/wp-content\/uploads\/2023\/08\/Tool-1.jpg\",\"datePublished\":\"2023-08-15T04:50:49+00:00\",\"dateModified\":\"2025-04-30T11:56:26+00:00\",\"breadcrumb\":{\"@id\":\"https:\/\/staging.acus-tattoo.de\/de\/produkt\/m1-housing-tool\/#breadcrumb\"},\"inLanguage\":\"de\",\"potentialAction\":[{\"@type\":\"ReadAction\",\"target\":[\"https:\/\/staging.acus-tattoo.de\/de\/produkt\/m1-housing-tool\/\"]}]},{\"@type\":\"ImageObject\",\"inLanguage\":\"de\",\"@id\":\"https:\/\/staging.acus-tattoo.de\/de\/produkt\/m1-housing-tool\/#primaryimage\",\"url\":\"https:\/\/staging.acus-tattoo.de\/wp-content\/uploads\/2023\/08\/Tool-1.jpg\",\"contentUrl\":\"https:\/\/staging.acus-tattoo.de\/wp-content\/uploads\/2023\/08\/Tool-1.jpg\",\"width\":1800,\"height\":1800},{\"@type\":\"BreadcrumbList\",\"@id\":\"https:\/\/staging.acus-tattoo.de\/de\/produkt\/m1-housing-tool\/#breadcrumb\",\"itemListElement\":[{\"@type\":\"ListItem\",\"position\":1,\"name\":\"Home\",\"item\":\"https:\/\/staging.acus-tattoo.de\/de\/\"},{\"@type\":\"ListItem\",\"position\":2,\"name\":\"Shop\",\"item\":\"https:\/\/staging.acus-tattoo.de\/shop\/\"},{\"@type\":\"ListItem\",\"position\":3,\"name\":\"Housing Tool\"}]},{\"@type\":\"WebSite\",\"@id\":\"https:\/\/staging.acus-tattoo.de\/de\/#website\",\"url\":\"https:\/\/staging.acus-tattoo.de\/de\/\",\"name\":\"acus tattoo machines\",\"description\":\"high quality tattoo machines from Germany\",\"potentialAction\":[{\"@type\":\"SearchAction\",\"target\":{\"@type\":\"EntryPoint\",\"urlTemplate\":\"https:\/\/staging.acus-tattoo.de\/de\/?s={search_term_string}\"},\"query-input\":{\"@type\":\"PropertyValueSpecification\",\"valueRequired\":true,\"valueName\":\"search_term_string\"}}],\"inLanguage\":\"de\"}]}<\/script>\n<!-- \/ Yoast SEO plugin. -->","yoast_head_json":{"title":"Housing Tool - acus tattoo machines","robots":{"index":"noindex","follow":"follow","max-snippet":"max-snippet:-1","max-image-preview":"max-image-preview:large","max-video-preview":"max-video-preview:-1"},"og_locale":"de_DE","og_type":"article","og_title":"Housing Tool - acus tattoo machines","og_description":"M1 Housing Tool Werkzeug f\u00fcr das \u00d6ffnen des Geh\u00e4uses der Tattoomaschinen ACUS M1 und ACUS M1 Plus.  Das Werkzeug ist bereits im Lieferumfang der M1 und M1+ enthalten. Es muss hier also nur bestellt werden, wenn ihr euer urspr\u00fcngliches Werkzeug verloren habt.  &nbsp;  &nbsp;","og_url":"https:\/\/staging.acus-tattoo.de\/de\/produkt\/m1-housing-tool\/","og_site_name":"acus tattoo machines","article_modified_time":"2025-04-30T11:56:26+00:00","og_image":[{"width":1800,"height":1800,"url":"https:\/\/staging.acus-tattoo.de\/wp-content\/uploads\/2023\/08\/Tool-1.jpg","type":"image\/jpeg"}],"twitter_card":"summary_large_image","twitter_misc":{"Gesch\u00e4tzte Lesezeit":"1\u00a0Minute"},"schema":{"@context":"https:\/\/schema.org","@graph":[{"@type":"WebPage","@id":"https:\/\/staging.acus-tattoo.de\/de\/produkt\/m1-housing-tool\/","url":"https:\/\/staging.acus-tattoo.de\/de\/produkt\/m1-housing-tool\/","name":"Housing Tool - acus tattoo machines","isPartOf":{"@id":"https:\/\/staging.acus-tattoo.de\/de\/#website"},"primaryImageOfPage":{"@id":"https:\/\/staging.acus-tattoo.de\/de\/produkt\/m1-housing-tool\/#primaryimage"},"image":{"@id":"https:\/\/staging.acus-tattoo.de\/de\/produkt\/m1-housing-tool\/#primaryimage"},"thumbnailUrl":"https:\/\/staging.acus-tattoo.de\/wp-content\/uploads\/2023\/08\/Tool-1.jpg","datePublished":"2023-08-15T04:50:49+00:00","dateModified":"2025-04-30T11:56:26+00:00","breadcrumb":{"@id":"https:\/\/staging.acus-tattoo.de\/de\/produkt\/m1-housing-tool\/#breadcrumb"},"inLanguage":"de","potentialAction":[{"@type":"ReadAction","target":["https:\/\/staging.acus-tattoo.de\/de\/produkt\/m1-housing-tool\/"]}]},{"@type":"ImageObject","inLanguage":"de","@id":"https:\/\/staging.acus-tattoo.de\/de\/produkt\/m1-housing-tool\/#primaryimage","url":"https:\/\/staging.acus-tattoo.de\/wp-content\/uploads\/2023\/08\/Tool-1.jpg","contentUrl":"https:\/\/staging.acus-tattoo.de\/wp-content\/uploads\/2023\/08\/Tool-1.jpg","width":1800,"height":1800},{"@type":"BreadcrumbList","@id":"https:\/\/staging.acus-tattoo.de\/de\/produkt\/m1-housing-tool\/#breadcrumb","itemListElement":[{"@type":"ListItem","position":1,"name":"Home","item":"https:\/\/staging.acus-tattoo.de\/de\/"},{"@type":"ListItem","position":2,"name":"Shop","item":"https:\/\/staging.acus-tattoo.de\/shop\/"},{"@type":"ListItem","position":3,"name":"Housing Tool"}]},{"@type":"WebSite","@id":"https:\/\/staging.acus-tattoo.de\/de\/#website","url":"https:\/\/staging.acus-tattoo.de\/de\/","name":"acus tattoo machines","description":"high quality tattoo machines from Germany","potentialAction":[{"@type":"SearchAction","target":{"@type":"EntryPoint","urlTemplate":"https:\/\/staging.acus-tattoo.de\/de\/?s={search_term_string}"},"query-input":{"@type":"PropertyValueSpecification","valueRequired":true,"valueName":"search_term_string"}}],"inLanguage":"de"}]}},"_links":{"self":[{"href":"https:\/\/staging.acus-tattoo.de\/de\/wp-json\/wp\/v2\/product\/12216","targetHints":{"allow":["GET"]}}],"collection":[{"href":"https:\/\/staging.acus-tattoo.de\/de\/wp-json\/wp\/v2\/product"}],"about":[{"href":"https:\/\/staging.acus-tattoo.de\/de\/wp-json\/wp\/v2\/types\/product"}],"version-history":[{"count":12,"href":"https:\/\/staging.acus-tattoo.de\/de\/wp-json\/wp\/v2\/product\/12216\/revisions"}],"predecessor-version":[{"id":13952,"href":"https:\/\/staging.acus-tattoo.de\/de\/wp-json\/wp\/v2\/product\/12216\/revisions\/13952"}],"wp:featuredmedia":[{"embeddable":true,"href":"https:\/\/staging.acus-tattoo.de\/de\/wp-json\/wp\/v2\/media\/12232"}],"wp:attachment":[{"href":"https:\/\/staging.acus-tattoo.de\/de\/wp-json\/wp\/v2\/media?parent=12216"}],"wp:term":[{"taxonomy":"product_brand","embeddable":true,"href":"https:\/\/staging.acus-tattoo.de\/de\/wp-json\/wp\/v2\/product_brand?post=12216"},{"taxonomy":"product_cat","embeddable":true,"href":"https:\/\/staging.acus-tattoo.de\/de\/wp-json\/wp\/v2\/product_cat?post=12216"},{"taxonomy":"product_tag","embeddable":true,"href":"https:\/\/staging.acus-tattoo.de\/de\/wp-json\/wp\/v2\/product_tag?post=12216"}],"curies":[{"name":"wp","href":"https:\/\/api.w.org\/{rel}","templated":true}]}}